{"id":782,"date":"2022-10-18T15:25:27","date_gmt":"2022-10-18T13:25:27","guid":{"rendered":"https:\/\/csi-menden.de\/?page_id=782"},"modified":"2022-11-03T18:43:52","modified_gmt":"2022-11-03T17:43:52","slug":"links","status":"publish","type":"page","link":"https:\/\/csi-menden.de\/en\/links\/","title":{"rendered":"LINKS"},"content":{"rendered":"<div data-elementor-type=\"wp-page\" data-elementor-id=\"782\" class=\"elementor elementor-782\">\n\t\t\t\t\t\t<section class=\"elementor-section elementor-top-section elementor-element elementor-element-5e313e8 elementor-section-height-min-height elementor-section-items-bottom elementor-section-boxed elementor-section-height-default\" data-id=\"5e313e8\" data-element_type=\"section\" data-e-type=\"section\" data-settings=\"{&quot;background_background&quot;:&quot;classic&quot;}\">\n\t\t\t\t\t\t\t<div class=\"elementor-background-overlay\"><\/div>\n\t\t\t\t\t\t\t<div class=\"elementor-container elementor-column-gap-no\">\n\t\t\t\t\t<div class=\"elementor-column elementor-col-100 elementor-top-column elementor-element elementor-element-a29e96f\" data-id=\"a29e96f\" data-element_type=\"column\" data-e-type=\"column\">\n\t\t\t<div class=\"elementor-widget-wrap elementor-element-populated\">\n\t\t\t\t\t\t<section class=\"elementor-section elementor-inner-section elementor-element elementor-element-b66a158 elementor-section-boxed elementor-section-height-default elementor-section-height-default\" data-id=\"b66a158\" data-element_type=\"section\" data-e-type=\"section\">\n\t\t\t\t\t\t<div class=\"elementor-container elementor-column-gap-default\">\n\t\t\t\t\t<div class=\"elementor-column elementor-col-33 elementor-inner-column elementor-element elementor-element-8b56ba7\" data-id=\"8b56ba7\" data-element_type=\"column\" data-e-type=\"column\">\n\t\t\t<div class=\"elementor-widget-wrap\">\n\t\t\t\t\t\t\t<\/div>\n\t\t<\/div>\n\t\t\t\t<div class=\"elementor-column elementor-col-33 elementor-inner-column elementor-element elementor-element-2b9637c\" data-id=\"2b9637c\" data-element_type=\"column\" data-e-type=\"column\">\n\t\t\t<div class=\"elementor-widget-wrap elementor-element-populated\">\n\t\t\t\t\t\t<div class=\"elementor-element elementor-element-5ccce3c animated-fast elementor-view-default elementor-invisible elementor-widget elementor-widget-icon\" data-id=\"5ccce3c\" data-element_type=\"widget\" data-e-type=\"widget\" data-settings=\"{&quot;_animation&quot;:&quot;pulse&quot;}\" data-widget_type=\"icon.default\">\n\t\t\t\t<div class=\"elementor-widget-container\">\n\t\t\t\t\t\t\t<div class=\"elementor-icon-wrapper\">\n\t\t\t<div class=\"elementor-icon\">\n\t\t\t<i aria-hidden=\"true\" class=\"far fa-arrow-alt-circle-down\"><\/i>\t\t\t<\/div>\n\t\t<\/div>\n\t\t\t\t\t\t<\/div>\n\t\t\t\t<\/div>\n\t\t\t\t<div class=\"elementor-element elementor-element-04af3b0 elementor-widget elementor-widget-heading\" data-id=\"04af3b0\" data-element_type=\"widget\" data-e-type=\"widget\" data-settings=\"{&quot;_animation&quot;:&quot;none&quot;}\" data-widget_type=\"heading.default\">\n\t\t\t\t<div class=\"elementor-widget-container\">\n\t\t\t\t\t<h2 class=\"elementor-heading-title elementor-size-default\">LINKS<\/h2>\t\t\t\t<\/div>\n\t\t\t\t<\/div>\n\t\t\t\t\t<\/div>\n\t\t<\/div>\n\t\t\t\t<div class=\"elementor-column elementor-col-33 elementor-inner-column elementor-element elementor-element-09ddc00\" data-id=\"09ddc00\" data-element_type=\"column\" data-e-type=\"column\">\n\t\t\t<div class=\"elementor-widget-wrap\">\n\t\t\t\t\t\t\t<\/div>\n\t\t<\/div>\n\t\t\t\t\t<\/div>\n\t\t<\/section>\n\t\t\t\t\t<\/div>\n\t\t<\/div>\n\t\t\t\t\t<\/div>\n\t\t<\/section>\n\t\t\t\t<section class=\"elementor-section elementor-top-section elementor-element elementor-element-51bf9f8 elementor-section-boxed elementor-section-height-default elementor-section-height-default\" data-id=\"51bf9f8\" data-element_type=\"section\" data-e-type=\"section\" data-settings=\"{&quot;background_background&quot;:&quot;classic&quot;}\">\n\t\t\t\t\t\t\t<div class=\"elementor-background-overlay\"><\/div>\n\t\t\t\t\t\t\t<div class=\"elementor-container elementor-column-gap-default\">\n\t\t\t\t\t<div class=\"elementor-column elementor-col-100 elementor-top-column elementor-element elementor-element-17150f7\" data-id=\"17150f7\" data-element_type=\"column\" data-e-type=\"column\">\n\t\t\t<div class=\"elementor-widget-wrap elementor-element-populated\">\n\t\t\t\t\t\t<div class=\"elementor-element elementor-element-28f3371 elementor-hidden-desktop elementor-hidden-tablet_extra elementor-hidden-tablet elementor-hidden-mobile elementor-widget elementor-widget-text-editor\" data-id=\"28f3371\" data-element_type=\"widget\" data-e-type=\"widget\" data-widget_type=\"text-editor.default\">\n\t\t\t\t<div class=\"elementor-widget-container\">\n\t\t\t\t\t\t\t\t\t<p><strong>LINKS<\/strong><\/p>\t\t\t\t\t\t\t\t<\/div>\n\t\t\t\t<\/div>\n\t\t\t\t<section class=\"elementor-section elementor-inner-section elementor-element elementor-element-d91c320 elementor-section-boxed elementor-section-height-default elementor-section-height-default\" data-id=\"d91c320\" data-element_type=\"section\" data-e-type=\"section\">\n\t\t\t\t\t\t<div class=\"elementor-container elementor-column-gap-extended\">\n\t\t\t\t\t<div class=\"elementor-column elementor-col-50 elementor-inner-column elementor-element elementor-element-16dec2d\" data-id=\"16dec2d\" data-element_type=\"column\" data-e-type=\"column\">\n\t\t\t<div class=\"elementor-widget-wrap elementor-element-populated\">\n\t\t\t\t\t\t<div class=\"elementor-element elementor-element-1da93ac elementor-widget elementor-widget-heading\" data-id=\"1da93ac\" data-element_type=\"widget\" data-e-type=\"widget\" data-widget_type=\"heading.default\">\n\t\t\t\t<div class=\"elementor-widget-container\">\n\t\t\t\t\t<h2 class=\"elementor-heading-title elementor-size-default\">Eyewitness Forensic Software<\/h2>\t\t\t\t<\/div>\n\t\t\t\t<\/div>\n\t\t\t\t<div class=\"elementor-element elementor-element-a93c436 elementor-widget elementor-widget-text-editor\" data-id=\"a93c436\" data-element_type=\"widget\" data-e-type=\"widget\" data-widget_type=\"text-editor.default\">\n\t\t\t\t<div class=\"elementor-widget-container\">\n\t\t\t\t\t\t\t\t\t<p>Forensische Software-Tools aus deutschem Lande, die f\u00fcr den Einen oder Anderen in der t\u00e4glichen computer-forensischen Arbeit sicherlich hilfreich sein k\u00f6nnten.<br \/><a style=\"color: #f1893c;\" href=\"https:\/\/www.eyewitnessforensic.com\/\" target=\"_blank\" rel=\"noopener\">Website besuchen<\/a><\/p>\t\t\t\t\t\t\t\t<\/div>\n\t\t\t\t<\/div>\n\t\t\t\t<div class=\"elementor-element elementor-element-1008f13 elementor-widget elementor-widget-spacer\" data-id=\"1008f13\" data-element_type=\"widget\" data-e-type=\"widget\" data-widget_type=\"spacer.default\">\n\t\t\t\t<div class=\"elementor-widget-container\">\n\t\t\t\t\t\t\t<div class=\"elementor-spacer\">\n\t\t\t<div class=\"elementor-spacer-inner\"><\/div>\n\t\t<\/div>\n\t\t\t\t\t\t<\/div>\n\t\t\t\t<\/div>\n\t\t\t\t<div class=\"elementor-element elementor-element-ef64c57 elementor-widget elementor-widget-heading\" data-id=\"ef64c57\" data-element_type=\"widget\" data-e-type=\"widget\" data-widget_type=\"heading.default\">\n\t\t\t\t<div class=\"elementor-widget-container\">\n\t\t\t\t\t<h2 class=\"elementor-heading-title elementor-size-default\">FIREWIRE REVOLUTION<\/h2>\t\t\t\t<\/div>\n\t\t\t\t<\/div>\n\t\t\t\t<div class=\"elementor-element elementor-element-39454d2 elementor-widget elementor-widget-text-editor\" data-id=\"39454d2\" data-element_type=\"widget\" data-e-type=\"widget\" data-widget_type=\"text-editor.default\">\n\t\t\t\t<div class=\"elementor-widget-container\">\n\t\t\t\t\t\t\t\t\t<p>Die Firma FIREWIRE REVOLUTION aus Heilbronn unterst\u00fctzt uns im Vetrieb f\u00fcr unsere Software in Deutschland und Europa.<br \/><a style=\"color: #f1893c;\" href=\"https:\/\/firewire-revolution.de\/\" target=\"_blank\" rel=\"noopener\">Website besuchen<\/a><\/p>\t\t\t\t\t\t\t\t<\/div>\n\t\t\t\t<\/div>\n\t\t\t\t<div class=\"elementor-element elementor-element-aa4f3c5 elementor-widget elementor-widget-spacer\" data-id=\"aa4f3c5\" data-element_type=\"widget\" data-e-type=\"widget\" data-widget_type=\"spacer.default\">\n\t\t\t\t<div class=\"elementor-widget-container\">\n\t\t\t\t\t\t\t<div class=\"elementor-spacer\">\n\t\t\t<div class=\"elementor-spacer-inner\"><\/div>\n\t\t<\/div>\n\t\t\t\t\t\t<\/div>\n\t\t\t\t<\/div>\n\t\t\t\t<div class=\"elementor-element elementor-element-dd0e991 elementor-widget elementor-widget-heading\" data-id=\"dd0e991\" data-element_type=\"widget\" data-e-type=\"widget\" data-widget_type=\"heading.default\">\n\t\t\t\t<div class=\"elementor-widget-container\">\n\t\t\t\t\t<h2 class=\"elementor-heading-title elementor-size-default\">Wirtschaftsdetektei RCS \u2013 Risk Controlling Services GmbH<\/h2>\t\t\t\t<\/div>\n\t\t\t\t<\/div>\n\t\t\t\t<div class=\"elementor-element elementor-element-1fab46c elementor-widget elementor-widget-text-editor\" data-id=\"1fab46c\" data-element_type=\"widget\" data-e-type=\"widget\" data-widget_type=\"text-editor.default\">\n\t\t\t\t<div class=\"elementor-widget-container\">\n\t\t\t\t\t\t\t\t\t<p>Wir, die Wirtschaftsdetektei RCS \u2013 Risk Controlling Services GmbH, verstehen uns als Partner der Wirtschaft auf dem Gebiet der Forensic Services, der Pr\u00e4vention und Bek\u00e4mpfung von Wirtschaftskriminalit\u00e4t. In enger Zusammenarbeit mit unseren Kunden definieren wir die Bed\u00fcrfnisse und entwickeln individuelle L\u00f6sungskonzepte.<br \/><a style=\"color: #f1893c;\" href=\"https:\/\/www.detektei-rcs.de\/\" target=\"_blank\" rel=\"noopener\">Website besuchen<\/a><\/p>\t\t\t\t\t\t\t\t<\/div>\n\t\t\t\t<\/div>\n\t\t\t\t\t<\/div>\n\t\t<\/div>\n\t\t\t\t<div class=\"elementor-column elementor-col-50 elementor-inner-column elementor-element elementor-element-9f9f2fd\" data-id=\"9f9f2fd\" data-element_type=\"column\" data-e-type=\"column\">\n\t\t\t<div class=\"elementor-widget-wrap elementor-element-populated\">\n\t\t\t\t\t\t<div class=\"elementor-element elementor-element-bf19d3e elementor-widget elementor-widget-heading\" data-id=\"bf19d3e\" data-element_type=\"widget\" data-e-type=\"widget\" data-widget_type=\"heading.default\">\n\t\t\t\t<div class=\"elementor-widget-container\">\n\t\t\t\t\t<h2 class=\"elementor-heading-title elementor-size-default\">Kaspersky Lab<\/h2>\t\t\t\t<\/div>\n\t\t\t\t<\/div>\n\t\t\t\t<div class=\"elementor-element elementor-element-d5fe09b elementor-widget elementor-widget-text-editor\" data-id=\"d5fe09b\" data-element_type=\"widget\" data-e-type=\"widget\" data-widget_type=\"text-editor.default\">\n\t\t\t\t<div class=\"elementor-widget-container\">\n\t\t\t\t\t\t\t\t\t<p>Weltweit sch\u00fctzen sich Unternehmen jeder Gr\u00f6\u00dfe erfolgreich mit den L\u00f6sungen von Kaspersky Lab gegen Internetgefahren und Spam. Vertrauen auch Sie, auf die Sicherheitstechnologie der Kaspersky Lab.<br \/><a style=\"color: #f1893c;\" href=\"https:\/\/www.kaspersky.de\/\" target=\"_blank\" rel=\"noopener\">Website besuchen<\/a><\/p>\t\t\t\t\t\t\t\t<\/div>\n\t\t\t\t<\/div>\n\t\t\t\t<div class=\"elementor-element elementor-element-2c2e78c elementor-widget elementor-widget-spacer\" data-id=\"2c2e78c\" data-element_type=\"widget\" data-e-type=\"widget\" data-widget_type=\"spacer.default\">\n\t\t\t\t<div class=\"elementor-widget-container\">\n\t\t\t\t\t\t\t<div class=\"elementor-spacer\">\n\t\t\t<div class=\"elementor-spacer-inner\"><\/div>\n\t\t<\/div>\n\t\t\t\t\t\t<\/div>\n\t\t\t\t<\/div>\n\t\t\t\t<div class=\"elementor-element elementor-element-92d3d72 elementor-widget elementor-widget-heading\" data-id=\"92d3d72\" data-element_type=\"widget\" data-e-type=\"widget\" data-widget_type=\"heading.default\">\n\t\t\t\t<div class=\"elementor-widget-container\">\n\t\t\t\t\t<h2 class=\"elementor-heading-title elementor-size-default\">Avira Antivirus<\/h2>\t\t\t\t<\/div>\n\t\t\t\t<\/div>\n\t\t\t\t<div class=\"elementor-element elementor-element-3d82c8a elementor-widget elementor-widget-text-editor\" data-id=\"3d82c8a\" data-element_type=\"widget\" data-e-type=\"widget\" data-widget_type=\"text-editor.default\">\n\t\t\t\t<div class=\"elementor-widget-container\">\n\t\t\t\t\t\t\t\t\t<p>Wie auch immer Sie Ihren Computer nutzen, Avira bietet Ihnen den Rundumschutz, den Sie brauchen.<br \/><a style=\"color: #f1893c;\" href=\"https:\/\/www.avira.com\/de\/downloads\" target=\"_blank\" rel=\"noopener\">Website besuchen<\/a><\/p>\t\t\t\t\t\t\t\t<\/div>\n\t\t\t\t<\/div>\n\t\t\t\t<div class=\"elementor-element elementor-element-6192632 elementor-widget elementor-widget-spacer\" data-id=\"6192632\" data-element_type=\"widget\" data-e-type=\"widget\" data-widget_type=\"spacer.default\">\n\t\t\t\t<div class=\"elementor-widget-container\">\n\t\t\t\t\t\t\t<div class=\"elementor-spacer\">\n\t\t\t<div class=\"elementor-spacer-inner\"><\/div>\n\t\t<\/div>\n\t\t\t\t\t\t<\/div>\n\t\t\t\t<\/div>\n\t\t\t\t<div class=\"elementor-element elementor-element-f012e84 elementor-widget elementor-widget-heading\" data-id=\"f012e84\" data-element_type=\"widget\" data-e-type=\"widget\" data-widget_type=\"heading.default\">\n\t\t\t\t<div class=\"elementor-widget-container\">\n\t\t\t\t\t<h2 class=\"elementor-heading-title elementor-size-default\">Polizei<\/h2>\t\t\t\t<\/div>\n\t\t\t\t<\/div>\n\t\t\t\t<div class=\"elementor-element elementor-element-5878b51 elementor-widget elementor-widget-text-editor\" data-id=\"5878b51\" data-element_type=\"widget\" data-e-type=\"widget\" data-widget_type=\"text-editor.default\">\n\t\t\t\t<div class=\"elementor-widget-container\">\n\t\t\t\t\t\t\t\t\t<p>Internetauftritte der Polizeien der L\u00e4nder und des Bundes.<br \/><a style=\"color: #f1893c;\" href=\"https:\/\/www.polizei.de\/Polizei\/DE\/Home\/home_node.html\" target=\"_blank\" rel=\"noopener\">Website besuchen<\/a><\/p>\t\t\t\t\t\t\t\t<\/div>\n\t\t\t\t<\/div>\n\t\t\t\t\t<\/div>\n\t\t<\/div>\n\t\t\t\t\t<\/div>\n\t\t<\/section>\n\t\t\t\t<div class=\"elementor-element elementor-element-a9651ba elementor-widget elementor-widget-spacer\" data-id=\"a9651ba\" data-element_type=\"widget\" data-e-type=\"widget\" data-widget_type=\"spacer.default\">\n\t\t\t\t<div class=\"elementor-widget-container\">\n\t\t\t\t\t\t\t<div class=\"elementor-spacer\">\n\t\t\t<div class=\"elementor-spacer-inner\"><\/div>\n\t\t<\/div>\n\t\t\t\t\t\t<\/div>\n\t\t\t\t<\/div>\n\t\t\t\t\t<\/div>\n\t\t<\/div>\n\t\t\t\t\t<\/div>\n\t\t<\/section>\n\t\t\t\t<\/div>","protected":false},"excerpt":{"rendered":"<p>LINKS LINKS Eyewitness Forensic Software Forensische Software-Tools aus deutschem Lande, die f\u00fcr den Einen oder Anderen in der t\u00e4glichen computer-forensischen Arbeit sicherlich hilfreich sein k\u00f6nnten.Website besuchen FIREWIRE REVOLUTION Die Firma FIREWIRE REVOLUTION aus Heilbronn unterst\u00fctzt uns im Vetrieb f\u00fcr unsere Software in Deutschland und Europa.Website besuchen Wirtschaftsdetektei RCS \u2013 Risk Controlling Services GmbH Wir, die [&hellip;]<\/p>\n","protected":false},"author":3,"featured_media":0,"parent":0,"menu_order":0,"comment_status":"closed","ping_status":"closed","template":"","meta":{"site-sidebar-layout":"no-sidebar","site-content-layout":"page-builder","ast-site-content-layout":"default","site-content-style":"default","site-sidebar-style":"default","ast-global-header-display":"","ast-banner-title-visibility":"","ast-main-header-display":"","ast-hfb-above-header-display":"","ast-hfb-below-header-display":"","ast-hfb-mobile-header-display":"","site-post-title":"disabled","ast-breadcrumbs-content":"","ast-featured-img":"disabled","footer-sml-layout":"","ast-disable-related-posts":"","theme-transparent-header-meta":"","adv-header-id-meta":"","stick-header-meta":"","header-above-stick-meta":"","header-main-stick-meta":"","header-below-stick-meta":"","astra-migrate-meta-layouts":"default","ast-page-background-enabled":"default","ast-page-background-meta":{"desktop":{"background-color":"var(--ast-global-color-4)","background-image":"","background-repeat":"repeat","background-position":"center center","background-size":"auto","background-attachment":"scroll","background-type":"","background-media":"","overlay-type":"","overlay-color":"","overlay-opacity":"","overlay-gradient":""},"tablet":{"background-color":"","background-image":"","background-repeat":"repeat","background-position":"center center","background-size":"auto","background-attachment":"scroll","background-type":"","background-media":"","overlay-type":"","overlay-color":"","overlay-opacity":"","overlay-gradient":""},"mobile":{"background-color":"","background-image":"","background-repeat":"repeat","background-position":"center center","background-size":"auto","background-attachment":"scroll","background-type":"","background-media":"","overlay-type":"","overlay-color":"","overlay-opacity":"","overlay-gradient":""}},"ast-content-background-meta":{"desktop":{"background-color":"var(--ast-global-color-5)","background-image":"","background-repeat":"repeat","background-position":"center center","background-size":"auto","background-attachment":"scroll","background-type":"","background-media":"","overlay-type":"","overlay-color":"","overlay-opacity":"","overlay-gradient":""},"tablet":{"background-color":"var(--ast-global-color-5)","background-image":"","background-repeat":"repeat","background-position":"center center","background-size":"auto","background-attachment":"scroll","background-type":"","background-media":"","overlay-type":"","overlay-color":"","overlay-opacity":"","overlay-gradient":""},"mobile":{"background-color":"var(--ast-global-color-5)","background-image":"","background-repeat":"repeat","background-position":"center center","background-size":"auto","background-attachment":"scroll","background-type":"","background-media":"","overlay-type":"","overlay-color":"","overlay-opacity":"","overlay-gradient":""}},"footnotes":""},"class_list":["post-782","page","type-page","status-publish","hentry"],"yoast_head":"<!-- This site is optimized with the Yoast SEO plugin v27.3 - https:\/\/yoast.com\/product\/yoast-seo-wordpress\/ -->\n<title>LINKS - Zimmer &amp; Partner<\/title>\n<meta name=\"robots\" content=\"index, follow, max-snippet:-1, max-image-preview:large, max-video-preview:-1\" \/>\n<link rel=\"canonical\" href=\"https:\/\/csi-menden.de\/en\/links\/\" \/>\n<meta property=\"og:locale\" content=\"en_GB\" \/>\n<meta property=\"og:type\" content=\"article\" \/>\n<meta property=\"og:title\" content=\"LINKS - Zimmer &amp; Partner\" \/>\n<meta property=\"og:description\" content=\"LINKS LINKS Eyewitness Forensic Software Forensische Software-Tools aus deutschem Lande, die f\u00fcr den Einen oder Anderen in der t\u00e4glichen computer-forensischen Arbeit sicherlich hilfreich sein k\u00f6nnten.Website besuchen FIREWIRE REVOLUTION Die Firma FIREWIRE REVOLUTION aus Heilbronn unterst\u00fctzt uns im Vetrieb f\u00fcr unsere Software in Deutschland und Europa.Website besuchen Wirtschaftsdetektei RCS \u2013 Risk Controlling Services GmbH Wir, die [&hellip;]\" \/>\n<meta property=\"og:url\" content=\"https:\/\/csi-menden.de\/en\/links\/\" \/>\n<meta property=\"og:site_name\" content=\"Zimmer &amp; Partner\" \/>\n<meta property=\"article:modified_time\" content=\"2022-11-03T17:43:52+00:00\" \/>\n<meta name=\"twitter:card\" content=\"summary_large_image\" \/>\n<meta name=\"twitter:label1\" content=\"Estimated reading time\" \/>\n\t<meta name=\"twitter:data1\" content=\"1 minute\" \/>\n<script type=\"application\/ld+json\" class=\"yoast-schema-graph\">{\"@context\":\"https:\\\/\\\/schema.org\",\"@graph\":[{\"@type\":\"WebPage\",\"@id\":\"https:\\\/\\\/csi-menden.de\\\/links\\\/\",\"url\":\"https:\\\/\\\/csi-menden.de\\\/links\\\/\",\"name\":\"LINKS - Zimmer &amp; Partner\",\"isPartOf\":{\"@id\":\"https:\\\/\\\/csi-menden.de\\\/#website\"},\"datePublished\":\"2022-10-18T13:25:27+00:00\",\"dateModified\":\"2022-11-03T17:43:52+00:00\",\"breadcrumb\":{\"@id\":\"https:\\\/\\\/csi-menden.de\\\/links\\\/#breadcrumb\"},\"inLanguage\":\"en-GB\",\"potentialAction\":[{\"@type\":\"ReadAction\",\"target\":[\"https:\\\/\\\/csi-menden.de\\\/links\\\/\"]}]},{\"@type\":\"BreadcrumbList\",\"@id\":\"https:\\\/\\\/csi-menden.de\\\/links\\\/#breadcrumb\",\"itemListElement\":[{\"@type\":\"ListItem\",\"position\":1,\"name\":\"Startseite\",\"item\":\"https:\\\/\\\/csi-menden.de\\\/\"},{\"@type\":\"ListItem\",\"position\":2,\"name\":\"LINKS\"}]},{\"@type\":\"WebSite\",\"@id\":\"https:\\\/\\\/csi-menden.de\\\/#website\",\"url\":\"https:\\\/\\\/csi-menden.de\\\/\",\"name\":\"Zimmer &amp; Partner\",\"description\":\"EDV-Sachverst\u00e4ndigen- &amp; IT-Forensikb\u00fcro\",\"potentialAction\":[{\"@type\":\"SearchAction\",\"target\":{\"@type\":\"EntryPoint\",\"urlTemplate\":\"https:\\\/\\\/csi-menden.de\\\/?s={search_term_string}\"},\"query-input\":{\"@type\":\"PropertyValueSpecification\",\"valueRequired\":true,\"valueName\":\"search_term_string\"}}],\"inLanguage\":\"en-GB\"}]}<\/script>\n<!-- \/ Yoast SEO plugin. -->","yoast_head_json":{"title":"LINKS - Zimmer &amp; Partner","robots":{"index":"index","follow":"follow","max-snippet":"max-snippet:-1","max-image-preview":"max-image-preview:large","max-video-preview":"max-video-preview:-1"},"canonical":"https:\/\/csi-menden.de\/en\/links\/","og_locale":"en_GB","og_type":"article","og_title":"LINKS - Zimmer &amp; Partner","og_description":"LINKS LINKS Eyewitness Forensic Software Forensische Software-Tools aus deutschem Lande, die f\u00fcr den Einen oder Anderen in der t\u00e4glichen computer-forensischen Arbeit sicherlich hilfreich sein k\u00f6nnten.Website besuchen FIREWIRE REVOLUTION Die Firma FIREWIRE REVOLUTION aus Heilbronn unterst\u00fctzt uns im Vetrieb f\u00fcr unsere Software in Deutschland und Europa.Website besuchen Wirtschaftsdetektei RCS \u2013 Risk Controlling Services GmbH Wir, die [&hellip;]","og_url":"https:\/\/csi-menden.de\/en\/links\/","og_site_name":"Zimmer &amp; Partner","article_modified_time":"2022-11-03T17:43:52+00:00","twitter_card":"summary_large_image","twitter_misc":{"Estimated reading time":"1 minute"},"schema":{"@context":"https:\/\/schema.org","@graph":[{"@type":"WebPage","@id":"https:\/\/csi-menden.de\/links\/","url":"https:\/\/csi-menden.de\/links\/","name":"LINKS - Zimmer &amp; Partner","isPartOf":{"@id":"https:\/\/csi-menden.de\/#website"},"datePublished":"2022-10-18T13:25:27+00:00","dateModified":"2022-11-03T17:43:52+00:00","breadcrumb":{"@id":"https:\/\/csi-menden.de\/links\/#breadcrumb"},"inLanguage":"en-GB","potentialAction":[{"@type":"ReadAction","target":["https:\/\/csi-menden.de\/links\/"]}]},{"@type":"BreadcrumbList","@id":"https:\/\/csi-menden.de\/links\/#breadcrumb","itemListElement":[{"@type":"ListItem","position":1,"name":"Startseite","item":"https:\/\/csi-menden.de\/"},{"@type":"ListItem","position":2,"name":"LINKS"}]},{"@type":"WebSite","@id":"https:\/\/csi-menden.de\/#website","url":"https:\/\/csi-menden.de\/","name":"Zimmer &amp; Partner","description":"IT Experts &amp; IT Forensics Office","potentialAction":[{"@type":"SearchAction","target":{"@type":"EntryPoint","urlTemplate":"https:\/\/csi-menden.de\/?s={search_term_string}"},"query-input":{"@type":"PropertyValueSpecification","valueRequired":true,"valueName":"search_term_string"}}],"inLanguage":"en-GB"}]}},"jetpack_sharing_enabled":true,"_links":{"self":[{"href":"https:\/\/csi-menden.de\/en\/wp-json\/wp\/v2\/pages\/782","targetHints":{"allow":["GET"]}}],"collection":[{"href":"https:\/\/csi-menden.de\/en\/wp-json\/wp\/v2\/pages"}],"about":[{"href":"https:\/\/csi-menden.de\/en\/wp-json\/wp\/v2\/types\/page"}],"author":[{"embeddable":true,"href":"https:\/\/csi-menden.de\/en\/wp-json\/wp\/v2\/users\/3"}],"replies":[{"embeddable":true,"href":"https:\/\/csi-menden.de\/en\/wp-json\/wp\/v2\/comments?post=782"}],"version-history":[{"count":58,"href":"https:\/\/csi-menden.de\/en\/wp-json\/wp\/v2\/pages\/782\/revisions"}],"predecessor-version":[{"id":1559,"href":"https:\/\/csi-menden.de\/en\/wp-json\/wp\/v2\/pages\/782\/revisions\/1559"}],"wp:attachment":[{"href":"https:\/\/csi-menden.de\/en\/wp-json\/wp\/v2\/media?parent=782"}],"curies":[{"name":"wp","href":"https:\/\/api.w.org\/{rel}","templated":true}]}}