{"id":787,"date":"2022-10-18T15:26:12","date_gmt":"2022-10-18T13:26:12","guid":{"rendered":"https:\/\/csi-menden.de\/?page_id=787"},"modified":"2024-01-03T10:34:36","modified_gmt":"2024-01-03T09:34:36","slug":"kontakt","status":"publish","type":"page","link":"https:\/\/csi-menden.de\/en\/kontakt\/","title":{"rendered":"KONTAKT"},"content":{"rendered":"<div data-elementor-type=\"wp-page\" data-elementor-id=\"787\" class=\"elementor elementor-787\">\n\t\t\t\t\t\t<section class=\"elementor-section elementor-top-section elementor-element elementor-element-5e313e8 elementor-section-height-min-height elementor-section-items-bottom elementor-section-boxed elementor-section-height-default\" data-id=\"5e313e8\" data-element_type=\"section\" data-e-type=\"section\" data-settings=\"{&quot;background_background&quot;:&quot;classic&quot;}\">\n\t\t\t\t\t\t\t<div class=\"elementor-background-overlay\"><\/div>\n\t\t\t\t\t\t\t<div class=\"elementor-container elementor-column-gap-no\">\n\t\t\t\t\t<div class=\"elementor-column elementor-col-100 elementor-top-column elementor-element elementor-element-a29e96f\" data-id=\"a29e96f\" data-element_type=\"column\" data-e-type=\"column\">\n\t\t\t<div class=\"elementor-widget-wrap elementor-element-populated\">\n\t\t\t\t\t\t<section class=\"elementor-section elementor-inner-section elementor-element elementor-element-b66a158 elementor-section-boxed elementor-section-height-default elementor-section-height-default\" data-id=\"b66a158\" data-element_type=\"section\" data-e-type=\"section\">\n\t\t\t\t\t\t<div class=\"elementor-container elementor-column-gap-default\">\n\t\t\t\t\t<div class=\"elementor-column elementor-col-33 elementor-inner-column elementor-element elementor-element-8b56ba7\" data-id=\"8b56ba7\" data-element_type=\"column\" data-e-type=\"column\">\n\t\t\t<div class=\"elementor-widget-wrap\">\n\t\t\t\t\t\t\t<\/div>\n\t\t<\/div>\n\t\t\t\t<div class=\"elementor-column elementor-col-33 elementor-inner-column elementor-element elementor-element-2b9637c\" data-id=\"2b9637c\" data-element_type=\"column\" data-e-type=\"column\">\n\t\t\t<div class=\"elementor-widget-wrap elementor-element-populated\">\n\t\t\t\t\t\t<div class=\"elementor-element elementor-element-5ccce3c animated-fast elementor-view-default elementor-invisible elementor-widget elementor-widget-icon\" data-id=\"5ccce3c\" data-element_type=\"widget\" data-e-type=\"widget\" data-settings=\"{&quot;_animation&quot;:&quot;pulse&quot;}\" data-widget_type=\"icon.default\">\n\t\t\t\t<div class=\"elementor-widget-container\">\n\t\t\t\t\t\t\t<div class=\"elementor-icon-wrapper\">\n\t\t\t<div class=\"elementor-icon\">\n\t\t\t<i aria-hidden=\"true\" class=\"far fa-arrow-alt-circle-down\"><\/i>\t\t\t<\/div>\n\t\t<\/div>\n\t\t\t\t\t\t<\/div>\n\t\t\t\t<\/div>\n\t\t\t\t<div class=\"elementor-element elementor-element-04af3b0 elementor-widget elementor-widget-heading\" data-id=\"04af3b0\" data-element_type=\"widget\" data-e-type=\"widget\" data-settings=\"{&quot;_animation&quot;:&quot;none&quot;}\" data-widget_type=\"heading.default\">\n\t\t\t\t<div class=\"elementor-widget-container\">\n\t\t\t\t\t<h2 class=\"elementor-heading-title elementor-size-default\">KONTAKT<\/h2>\t\t\t\t<\/div>\n\t\t\t\t<\/div>\n\t\t\t\t\t<\/div>\n\t\t<\/div>\n\t\t\t\t<div class=\"elementor-column elementor-col-33 elementor-inner-column elementor-element elementor-element-09ddc00\" data-id=\"09ddc00\" data-element_type=\"column\" data-e-type=\"column\">\n\t\t\t<div class=\"elementor-widget-wrap\">\n\t\t\t\t\t\t\t<\/div>\n\t\t<\/div>\n\t\t\t\t\t<\/div>\n\t\t<\/section>\n\t\t\t\t\t<\/div>\n\t\t<\/div>\n\t\t\t\t\t<\/div>\n\t\t<\/section>\n\t\t\t\t<section class=\"elementor-section elementor-top-section elementor-element elementor-element-2e39af3 elementor-section-boxed elementor-section-height-default elementor-section-height-default\" data-id=\"2e39af3\" data-element_type=\"section\" data-e-type=\"section\" data-settings=\"{&quot;background_background&quot;:&quot;classic&quot;}\">\n\t\t\t\t\t\t\t<div class=\"elementor-background-overlay\"><\/div>\n\t\t\t\t\t\t\t<div class=\"elementor-container elementor-column-gap-default\">\n\t\t\t\t\t<div class=\"elementor-column elementor-col-100 elementor-top-column elementor-element elementor-element-74945ab\" data-id=\"74945ab\" data-element_type=\"column\" data-e-type=\"column\">\n\t\t\t<div class=\"elementor-widget-wrap elementor-element-populated\">\n\t\t\t\t\t\t<div class=\"elementor-element elementor-element-8af33ce elementor-widget elementor-widget-text-editor\" data-id=\"8af33ce\" data-element_type=\"widget\" data-e-type=\"widget\" data-widget_type=\"text-editor.default\">\n\t\t\t\t<div class=\"elementor-widget-container\">\n\t\t\t\t\t\t\t\t\t<p>We will be happy to inform you: Ask for our references or let us convince you personally of our performance.<\/p>\t\t\t\t\t\t\t\t<\/div>\n\t\t\t\t<\/div>\n\t\t\t\t<section class=\"elementor-section elementor-inner-section elementor-element elementor-element-d694dae elementor-hidden-tablet elementor-hidden-mobile elementor-section-boxed elementor-section-height-default elementor-section-height-default\" data-id=\"d694dae\" data-element_type=\"section\" data-e-type=\"section\">\n\t\t\t\t\t\t<div class=\"elementor-container elementor-column-gap-extended\">\n\t\t\t\t\t<div class=\"elementor-column elementor-col-25 elementor-inner-column elementor-element elementor-element-f6ef010\" data-id=\"f6ef010\" data-element_type=\"column\" data-e-type=\"column\">\n\t\t\t<div class=\"elementor-widget-wrap elementor-element-populated\">\n\t\t\t\t\t\t\t<\/div>\n\t\t<\/div>\n\t\t\t\t<div class=\"elementor-column elementor-col-25 elementor-inner-column elementor-element elementor-element-449c3ca\" data-id=\"449c3ca\" data-element_type=\"column\" data-e-type=\"column\">\n\t\t\t<div class=\"elementor-widget-wrap elementor-element-populated\">\n\t\t\t\t\t\t<div class=\"elementor-element elementor-element-c396fbb elementor-widget elementor-widget-text-editor\" data-id=\"c396fbb\" data-element_type=\"widget\" data-e-type=\"widget\" data-widget_type=\"text-editor.default\">\n\t\t\t\t<div class=\"elementor-widget-container\">\n\t\t\t\t\t\t\t\t\t<div class=\"site-footer-primary-section-2 site-footer-section site-footer-section-2\"><div class=\"footer-widget-area widget-area site-footer-focus-item ast-footer-html-2\" data-section=\"section-fb-html-2\"><div class=\"ast-header-html inner-link-style-\"><div class=\"ast-builder-html-element\"><p><strong>B\u00dcRO MENDEN<br \/><\/strong>Am Kohlp\u00fctt 8<br \/>D-58706 Menden<br \/>Telefon: 02373-39 32 04<br \/>E-Mail: <a href=\"mailto:info@csi-menden.de\">info(at)csi-menden.de<\/a><\/p><\/div><\/div><\/div><\/div>\t\t\t\t\t\t\t\t<\/div>\n\t\t\t\t<\/div>\n\t\t\t\t\t<\/div>\n\t\t<\/div>\n\t\t\t\t<div class=\"elementor-column elementor-col-25 elementor-inner-column elementor-element elementor-element-4139df3\" data-id=\"4139df3\" data-element_type=\"column\" data-e-type=\"column\">\n\t\t\t<div class=\"elementor-widget-wrap elementor-element-populated\">\n\t\t\t\t\t\t<div class=\"elementor-element elementor-element-f78d922 elementor-widget elementor-widget-text-editor\" data-id=\"f78d922\" data-element_type=\"widget\" data-e-type=\"widget\" data-widget_type=\"text-editor.default\">\n\t\t\t\t<div class=\"elementor-widget-container\">\n\t\t\t\t\t\t\t\t\t<div class=\"site-footer-primary-section-2 site-footer-section site-footer-section-2\"><div class=\"footer-widget-area widget-area site-footer-focus-item ast-footer-html-2\" data-section=\"section-fb-html-2\"><div class=\"ast-header-html inner-link-style-\"><div class=\"ast-builder-html-element\"><p><strong>B\u00dcRO NEUSTADT\/DOSSE<br \/><\/strong>Hauptgest\u00fct 4<br \/>D-16845 Neustadt\/Dosse<br \/>Telefon: 033970-50 00 28<br \/>E-Mail: <a href=\"mailto:info@csi-brandenburg.de\">info(at)csi-brandenburg.de<\/a><\/p><\/div><\/div><\/div><\/div>\t\t\t\t\t\t\t\t<\/div>\n\t\t\t\t<\/div>\n\t\t\t\t\t<\/div>\n\t\t<\/div>\n\t\t\t\t<div class=\"elementor-column elementor-col-25 elementor-inner-column elementor-element elementor-element-24f760c\" data-id=\"24f760c\" data-element_type=\"column\" data-e-type=\"column\">\n\t\t\t<div class=\"elementor-widget-wrap\">\n\t\t\t\t\t\t\t<\/div>\n\t\t<\/div>\n\t\t\t\t\t<\/div>\n\t\t<\/section>\n\t\t\t\t<div class=\"elementor-element elementor-element-a1b8f6d elementor-hidden-desktop elementor-hidden-tablet_extra elementor-widget elementor-widget-text-editor\" data-id=\"a1b8f6d\" data-element_type=\"widget\" data-e-type=\"widget\" data-widget_type=\"text-editor.default\">\n\t\t\t\t<div class=\"elementor-widget-container\">\n\t\t\t\t\t\t\t\t\t<p><strong>B\u00dcRO MENDEN<br \/><\/strong>Am Kohlp\u00fctt 8<br \/>D-58706 Menden<br \/>Telefon: 02373-39 32 04<br \/>E-Mail: <a href=\"mailto:info@csi-menden.de\">info(at)csi-menden.de<\/a><\/p>\t\t\t\t\t\t\t\t<\/div>\n\t\t\t\t<\/div>\n\t\t\t\t<div class=\"elementor-element elementor-element-fefd0e5 elementor-hidden-desktop elementor-hidden-tablet_extra elementor-widget elementor-widget-text-editor\" data-id=\"fefd0e5\" data-element_type=\"widget\" data-e-type=\"widget\" data-widget_type=\"text-editor.default\">\n\t\t\t\t<div class=\"elementor-widget-container\">\n\t\t\t\t\t\t\t\t\t<p><strong>B\u00dcRO NEUSTADT\/DOSSE<br \/><\/strong>Hauptgest\u00fct 4<br \/>D-16845 Neustadt\/Dosse<br \/>Telefon: 033970-50 00 28<br \/>E-Mail: <a href=\"mailto:info@csi-brandenburg.de\">info(at)csi-brandenburg.de<\/a><\/p>\t\t\t\t\t\t\t\t<\/div>\n\t\t\t\t<\/div>\n\t\t\t\t<div class=\"elementor-element elementor-element-8f363fc elementor-widget elementor-widget-spacer\" data-id=\"8f363fc\" data-element_type=\"widget\" data-e-type=\"widget\" data-widget_type=\"spacer.default\">\n\t\t\t\t<div class=\"elementor-widget-container\">\n\t\t\t\t\t\t\t<div class=\"elementor-spacer\">\n\t\t\t<div class=\"elementor-spacer-inner\"><\/div>\n\t\t<\/div>\n\t\t\t\t\t\t<\/div>\n\t\t\t\t<\/div>\n\t\t\t\t\t<\/div>\n\t\t<\/div>\n\t\t\t\t\t<\/div>\n\t\t<\/section>\n\t\t\t\t<\/div>","protected":false},"excerpt":{"rendered":"<p>KONTAKT Wir informieren Sie gerne: Fragen Sie nach unseren Referenzen oder lassen Sie sich pers\u00f6nlich durch unsere Leistung \u00fcberzeugen. B\u00dcRO MENDENAm Kohlp\u00fctt 8D-58706 MendenTelefon: 02373-39 32 04E-Mail: info(at)csi-menden.de B\u00dcRO NEUSTADT\/DOSSEHauptgest\u00fct 4D-16845 Neustadt\/DosseTelefon: 033970-50 00 28E-Mail: info(at)csi-brandenburg.de B\u00dcRO MENDENAm Kohlp\u00fctt 8D-58706 MendenTelefon: 02373-39 32 04E-Mail: info(at)csi-menden.de B\u00dcRO NEUSTADT\/DOSSEHauptgest\u00fct 4D-16845 Neustadt\/DosseTelefon: 033970-50 00 28E-Mail: info(at)csi-brandenburg.de<\/p>","protected":false},"author":3,"featured_media":0,"parent":0,"menu_order":0,"comment_status":"closed","ping_status":"closed","template":"","meta":{"site-sidebar-layout":"no-sidebar","site-content-layout":"page-builder","ast-site-content-layout":"default","site-content-style":"default","site-sidebar-style":"default","ast-global-header-display":"","ast-banner-title-visibility":"","ast-main-header-display":"","ast-hfb-above-header-display":"","ast-hfb-below-header-display":"","ast-hfb-mobile-header-display":"","site-post-title":"disabled","ast-breadcrumbs-content":"","ast-featured-img":"disabled","footer-sml-layout":"","ast-disable-related-posts":"","theme-transparent-header-meta":"","adv-header-id-meta":"","stick-header-meta":"","header-above-stick-meta":"","header-main-stick-meta":"","header-below-stick-meta":"","astra-migrate-meta-layouts":"default","ast-page-background-enabled":"default","ast-page-background-meta":{"desktop":{"background-color":"var(--ast-global-color-4)","background-image":"","background-repeat":"repeat","background-position":"center center","background-size":"auto","background-attachment":"scroll","background-type":"","background-media":"","overlay-type":"","overlay-color":"","overlay-opacity":"","overlay-gradient":""},"tablet":{"background-color":"","background-image":"","background-repeat":"repeat","background-position":"center center","background-size":"auto","background-attachment":"scroll","background-type":"","background-media":"","overlay-type":"","overlay-color":"","overlay-opacity":"","overlay-gradient":""},"mobile":{"background-color":"","background-image":"","background-repeat":"repeat","background-position":"center center","background-size":"auto","background-attachment":"scroll","background-type":"","background-media":"","overlay-type":"","overlay-color":"","overlay-opacity":"","overlay-gradient":""}},"ast-content-background-meta":{"desktop":{"background-color":"var(--ast-global-color-5)","background-image":"","background-repeat":"repeat","background-position":"center center","background-size":"auto","background-attachment":"scroll","background-type":"","background-media":"","overlay-type":"","overlay-color":"","overlay-opacity":"","overlay-gradient":""},"tablet":{"background-color":"var(--ast-global-color-5)","background-image":"","background-repeat":"repeat","background-position":"center center","background-size":"auto","background-attachment":"scroll","background-type":"","background-media":"","overlay-type":"","overlay-color":"","overlay-opacity":"","overlay-gradient":""},"mobile":{"background-color":"var(--ast-global-color-5)","background-image":"","background-repeat":"repeat","background-position":"center center","background-size":"auto","background-attachment":"scroll","background-type":"","background-media":"","overlay-type":"","overlay-color":"","overlay-opacity":"","overlay-gradient":""}},"footnotes":""},"class_list":["post-787","page","type-page","status-publish","hentry"],"yoast_head":"<!-- This site is optimized with the Yoast SEO plugin v27.3 - https:\/\/yoast.com\/product\/yoast-seo-wordpress\/ -->\n<title>KONTAKT - Zimmer &amp; Partner<\/title>\n<meta name=\"robots\" content=\"index, follow, max-snippet:-1, max-image-preview:large, max-video-preview:-1\" \/>\n<link rel=\"canonical\" href=\"https:\/\/csi-menden.de\/en\/kontakt\/\" \/>\n<meta property=\"og:locale\" content=\"en_GB\" \/>\n<meta property=\"og:type\" content=\"article\" \/>\n<meta property=\"og:title\" content=\"KONTAKT - Zimmer &amp; Partner\" \/>\n<meta property=\"og:description\" content=\"KONTAKT Wir informieren Sie gerne: Fragen Sie nach unseren Referenzen oder lassen Sie sich pers\u00f6nlich durch unsere Leistung \u00fcberzeugen. B\u00dcRO MENDENAm Kohlp\u00fctt 8D-58706 MendenTelefon: 02373-39 32 04E-Mail: info(at)csi-menden.de B\u00dcRO NEUSTADT\/DOSSEHauptgest\u00fct 4D-16845 Neustadt\/DosseTelefon: 033970-50 00 28E-Mail: info(at)csi-brandenburg.de B\u00dcRO MENDENAm Kohlp\u00fctt 8D-58706 MendenTelefon: 02373-39 32 04E-Mail: info(at)csi-menden.de B\u00dcRO NEUSTADT\/DOSSEHauptgest\u00fct 4D-16845 Neustadt\/DosseTelefon: 033970-50 00 28E-Mail: info(at)csi-brandenburg.de\" \/>\n<meta property=\"og:url\" content=\"https:\/\/csi-menden.de\/en\/kontakt\/\" \/>\n<meta property=\"og:site_name\" content=\"Zimmer &amp; Partner\" \/>\n<meta property=\"article:modified_time\" content=\"2024-01-03T09:34:36+00:00\" \/>\n<meta name=\"twitter:card\" content=\"summary_large_image\" \/>\n<meta name=\"twitter:label1\" content=\"Estimated reading time\" \/>\n\t<meta name=\"twitter:data1\" content=\"1 minute\" \/>\n<script type=\"application\/ld+json\" class=\"yoast-schema-graph\">{\"@context\":\"https:\\\/\\\/schema.org\",\"@graph\":[{\"@type\":\"WebPage\",\"@id\":\"https:\\\/\\\/csi-menden.de\\\/kontakt\\\/\",\"url\":\"https:\\\/\\\/csi-menden.de\\\/kontakt\\\/\",\"name\":\"KONTAKT - Zimmer &amp; Partner\",\"isPartOf\":{\"@id\":\"https:\\\/\\\/csi-menden.de\\\/#website\"},\"datePublished\":\"2022-10-18T13:26:12+00:00\",\"dateModified\":\"2024-01-03T09:34:36+00:00\",\"breadcrumb\":{\"@id\":\"https:\\\/\\\/csi-menden.de\\\/kontakt\\\/#breadcrumb\"},\"inLanguage\":\"en-GB\",\"potentialAction\":[{\"@type\":\"ReadAction\",\"target\":[\"https:\\\/\\\/csi-menden.de\\\/kontakt\\\/\"]}]},{\"@type\":\"BreadcrumbList\",\"@id\":\"https:\\\/\\\/csi-menden.de\\\/kontakt\\\/#breadcrumb\",\"itemListElement\":[{\"@type\":\"ListItem\",\"position\":1,\"name\":\"Startseite\",\"item\":\"https:\\\/\\\/csi-menden.de\\\/\"},{\"@type\":\"ListItem\",\"position\":2,\"name\":\"KONTAKT\"}]},{\"@type\":\"WebSite\",\"@id\":\"https:\\\/\\\/csi-menden.de\\\/#website\",\"url\":\"https:\\\/\\\/csi-menden.de\\\/\",\"name\":\"Zimmer &amp; Partner\",\"description\":\"EDV-Sachverst\u00e4ndigen- &amp; IT-Forensikb\u00fcro\",\"potentialAction\":[{\"@type\":\"SearchAction\",\"target\":{\"@type\":\"EntryPoint\",\"urlTemplate\":\"https:\\\/\\\/csi-menden.de\\\/?s={search_term_string}\"},\"query-input\":{\"@type\":\"PropertyValueSpecification\",\"valueRequired\":true,\"valueName\":\"search_term_string\"}}],\"inLanguage\":\"en-GB\"}]}<\/script>\n<!-- \/ Yoast SEO plugin. -->","yoast_head_json":{"title":"KONTAKT - Zimmer &amp; Partner","robots":{"index":"index","follow":"follow","max-snippet":"max-snippet:-1","max-image-preview":"max-image-preview:large","max-video-preview":"max-video-preview:-1"},"canonical":"https:\/\/csi-menden.de\/en\/kontakt\/","og_locale":"en_GB","og_type":"article","og_title":"KONTAKT - Zimmer &amp; Partner","og_description":"KONTAKT Wir informieren Sie gerne: Fragen Sie nach unseren Referenzen oder lassen Sie sich pers\u00f6nlich durch unsere Leistung \u00fcberzeugen. B\u00dcRO MENDENAm Kohlp\u00fctt 8D-58706 MendenTelefon: 02373-39 32 04E-Mail: info(at)csi-menden.de B\u00dcRO NEUSTADT\/DOSSEHauptgest\u00fct 4D-16845 Neustadt\/DosseTelefon: 033970-50 00 28E-Mail: info(at)csi-brandenburg.de B\u00dcRO MENDENAm Kohlp\u00fctt 8D-58706 MendenTelefon: 02373-39 32 04E-Mail: info(at)csi-menden.de B\u00dcRO NEUSTADT\/DOSSEHauptgest\u00fct 4D-16845 Neustadt\/DosseTelefon: 033970-50 00 28E-Mail: info(at)csi-brandenburg.de","og_url":"https:\/\/csi-menden.de\/en\/kontakt\/","og_site_name":"Zimmer &amp; Partner","article_modified_time":"2024-01-03T09:34:36+00:00","twitter_card":"summary_large_image","twitter_misc":{"Estimated reading time":"1 minute"},"schema":{"@context":"https:\/\/schema.org","@graph":[{"@type":"WebPage","@id":"https:\/\/csi-menden.de\/kontakt\/","url":"https:\/\/csi-menden.de\/kontakt\/","name":"KONTAKT - Zimmer &amp; Partner","isPartOf":{"@id":"https:\/\/csi-menden.de\/#website"},"datePublished":"2022-10-18T13:26:12+00:00","dateModified":"2024-01-03T09:34:36+00:00","breadcrumb":{"@id":"https:\/\/csi-menden.de\/kontakt\/#breadcrumb"},"inLanguage":"en-GB","potentialAction":[{"@type":"ReadAction","target":["https:\/\/csi-menden.de\/kontakt\/"]}]},{"@type":"BreadcrumbList","@id":"https:\/\/csi-menden.de\/kontakt\/#breadcrumb","itemListElement":[{"@type":"ListItem","position":1,"name":"Startseite","item":"https:\/\/csi-menden.de\/"},{"@type":"ListItem","position":2,"name":"KONTAKT"}]},{"@type":"WebSite","@id":"https:\/\/csi-menden.de\/#website","url":"https:\/\/csi-menden.de\/","name":"Zimmer &amp; Partner","description":"IT Experts &amp; IT Forensics Office","potentialAction":[{"@type":"SearchAction","target":{"@type":"EntryPoint","urlTemplate":"https:\/\/csi-menden.de\/?s={search_term_string}"},"query-input":{"@type":"PropertyValueSpecification","valueRequired":true,"valueName":"search_term_string"}}],"inLanguage":"en-GB"}]}},"jetpack_sharing_enabled":true,"_links":{"self":[{"href":"https:\/\/csi-menden.de\/en\/wp-json\/wp\/v2\/pages\/787","targetHints":{"allow":["GET"]}}],"collection":[{"href":"https:\/\/csi-menden.de\/en\/wp-json\/wp\/v2\/pages"}],"about":[{"href":"https:\/\/csi-menden.de\/en\/wp-json\/wp\/v2\/types\/page"}],"author":[{"embeddable":true,"href":"https:\/\/csi-menden.de\/en\/wp-json\/wp\/v2\/users\/3"}],"replies":[{"embeddable":true,"href":"https:\/\/csi-menden.de\/en\/wp-json\/wp\/v2\/comments?post=787"}],"version-history":[{"count":52,"href":"https:\/\/csi-menden.de\/en\/wp-json\/wp\/v2\/pages\/787\/revisions"}],"predecessor-version":[{"id":1917,"href":"https:\/\/csi-menden.de\/en\/wp-json\/wp\/v2\/pages\/787\/revisions\/1917"}],"wp:attachment":[{"href":"https:\/\/csi-menden.de\/en\/wp-json\/wp\/v2\/media?parent=787"}],"curies":[{"name":"wp","href":"https:\/\/api.w.org\/{rel}","templated":true}]}}